{"id":12,"date":"2015-12-18T14:48:55","date_gmt":"2015-12-18T13:48:55","guid":{"rendered":"http:\/\/web568.106.hosttech.eu\/wp\/?page_id=12"},"modified":"2025-03-20T21:41:57","modified_gmt":"2025-03-20T20:41:57","slug":"gruppencoaching","status":"publish","type":"page","link":"https:\/\/www.brigitta-spirig.ch\/?page_id=12","title":{"rendered":"Gruppencoaching"},"content":{"rendered":"<p style=\"text-align: left;\"><img loading=\"lazy\" decoding=\"async\" class=\"size-full wp-image-165 alignnone\" src=\"https:\/\/www.brigitta-spirig.ch\/wp-content\/uploads\/2015\/12\/sailing.jpg\" alt=\"\" width=\"275\" height=\"183\" \/><\/p>\n<p style=\"text-align: left;\"><em>&#171;Zusammenkommen ist der Beginn, Zusammenhalten ist der Fortschritt,\u00a0 Zusammenarbeiten ist der Erfolg.&#187;\u00a0 Henry Ford<\/em><\/p>\n<p><strong>In diesen Themen begleite ich Sie wirksam als Coach:<\/strong><\/p>\n<ul style=\"list-style-type: disc;\">\n<li>Effizient und erfolgreich Ziele erreichen im Team<\/li>\n<li>Teamst\u00e4rke aufbauen &#8211; 3 Stufen Konzept: Vorspeise, Hauptgang, Dessert<\/li>\n<li>T\u00e4gliche Kundenpflege &#8211; Exzellente Kommunikation schafft N\u00e4he und Vertrauen<\/li>\n<\/ul>\n","protected":false},"excerpt":{"rendered":"<p>&#171;Zusammenkommen ist der Beginn, Zusammenhalten ist der Fortschritt,\u00a0 Zusammenarbeiten ist der Erfolg.&#187;\u00a0 Henry Ford In diesen Themen begleite ich Sie wirksam als Coach: Effizient und erfolgreich Ziele erreichen im Team Teamst\u00e4rke aufbauen &#8211; 3 Stufen Konzept: Vorspeise, Hauptgang, Dessert T\u00e4gliche Kundenpflege &#8211; Exzellente Kommunikation schafft N\u00e4he und Vertrauen<\/p>\n","protected":false},"author":1,"featured_media":0,"parent":7,"menu_order":0,"comment_status":"closed","ping_status":"closed","template":"","meta":{"footnotes":""},"class_list":["post-12","page","type-page","status-publish","hentry"],"_links":{"self":[{"href":"https:\/\/www.brigitta-spirig.ch\/index.php?rest_route=\/wp\/v2\/pages\/12","targetHints":{"allow":["GET"]}}],"collection":[{"href":"https:\/\/www.brigitta-spirig.ch\/index.php?rest_route=\/wp\/v2\/pages"}],"about":[{"href":"https:\/\/www.brigitta-spirig.ch\/index.php?rest_route=\/wp\/v2\/types\/page"}],"author":[{"embeddable":true,"href":"https:\/\/www.brigitta-spirig.ch\/index.php?rest_route=\/wp\/v2\/users\/1"}],"replies":[{"embeddable":true,"href":"https:\/\/www.brigitta-spirig.ch\/index.php?rest_route=%2Fwp%2Fv2%2Fcomments&post=12"}],"version-history":[{"count":13,"href":"https:\/\/www.brigitta-spirig.ch\/index.php?rest_route=\/wp\/v2\/pages\/12\/revisions"}],"predecessor-version":[{"id":507,"href":"https:\/\/www.brigitta-spirig.ch\/index.php?rest_route=\/wp\/v2\/pages\/12\/revisions\/507"}],"up":[{"embeddable":true,"href":"https:\/\/www.brigitta-spirig.ch\/index.php?rest_route=\/wp\/v2\/pages\/7"}],"wp:attachment":[{"href":"https:\/\/www.brigitta-spirig.ch\/index.php?rest_route=%2Fwp%2Fv2%2Fmedia&parent=12"}],"curies":[{"name":"wp","href":"https:\/\/api.w.org\/{rel}","templated":true}]}}