{"id":9,"date":"2015-12-18T14:48:26","date_gmt":"2015-12-18T13:48:26","guid":{"rendered":"http:\/\/web568.106.hosttech.eu\/wp\/?page_id=9"},"modified":"2025-03-20T21:39:36","modified_gmt":"2025-03-20T20:39:36","slug":"einzelcoaching","status":"publish","type":"page","link":"https:\/\/www.brigitta-spirig.ch\/?page_id=9","title":{"rendered":"Einzelcoaching"},"content":{"rendered":"<h5><img loading=\"lazy\" decoding=\"async\" class=\"wp-image-106 alignnone\" src=\"https:\/\/www.brigitta-spirig.ch\/wp-content\/uploads\/2015\/12\/away-1019854_960_720-300x300.jpg\" alt=\"away-1019854_960_720\" width=\"161\" height=\"161\" srcset=\"https:\/\/www.brigitta-spirig.ch\/wp-content\/uploads\/2015\/12\/away-1019854_960_720-300x300.jpg 300w, https:\/\/www.brigitta-spirig.ch\/wp-content\/uploads\/2015\/12\/away-1019854_960_720-150x150.jpg 150w, https:\/\/www.brigitta-spirig.ch\/wp-content\/uploads\/2015\/12\/away-1019854_960_720.jpg 720w\" sizes=\"auto, (max-width: 161px) 85vw, 161px\" \/><\/h5>\n<p>Sie haben das Gef\u00fchl, es muss sich etwas ver\u00e4ndern oder Sie wollen ein Ziel erreichen in Ihrem Alltag, Beruf oder Sport- aber wie?<\/p>\n<ul>\n<li>In einem Erstgespr\u00e4ch befassen wir uns mit Ihrer Ausgangslage, Ihren Erwartungen und der gew\u00fcnschten Neuausrichtung oder Ihrem Ziel<\/li>\n<li>Im Weiteren besprechen wir die Vorgehensweise f\u00fcr das Coaching<\/li>\n<li>Entspricht dies Ihren Erwartungen, vereinbaren wir den 1. Coaching-Termin<\/li>\n<\/ul>\n<p><strong>Ein Coaching dauert 60 bis 90 Minuten. Die Anzahl Coachings variieren:<\/strong><\/p>\n<ul>\n<li>Ultra-Kurzzeitcoaching 1x<\/li>\n<li>Kurzzeitcoaching 3x<\/li>\n<li>Je nach individuellen Themen 8x bis 10x<\/li>\n<\/ul>\n","protected":false},"excerpt":{"rendered":"<p>Sie haben das Gef\u00fchl, es muss sich etwas ver\u00e4ndern oder Sie wollen ein Ziel erreichen in Ihrem Alltag, Beruf oder Sport- aber wie? In einem Erstgespr\u00e4ch befassen wir uns mit Ihrer Ausgangslage, Ihren Erwartungen und der gew\u00fcnschten Neuausrichtung oder Ihrem Ziel Im Weiteren besprechen wir die Vorgehensweise f\u00fcr das Coaching Entspricht dies Ihren Erwartungen, vereinbaren &hellip; <a href=\"https:\/\/www.brigitta-spirig.ch\/?page_id=9\" class=\"more-link\"><span class=\"screen-reader-text\">&#8220;Einzelcoaching&#8221; <\/span>weiterlesen<\/a><\/p>\n","protected":false},"author":1,"featured_media":0,"parent":7,"menu_order":0,"comment_status":"closed","ping_status":"closed","template":"","meta":{"footnotes":""},"class_list":["post-9","page","type-page","status-publish","hentry"],"_links":{"self":[{"href":"https:\/\/www.brigitta-spirig.ch\/index.php?rest_route=\/wp\/v2\/pages\/9","targetHints":{"allow":["GET"]}}],"collection":[{"href":"https:\/\/www.brigitta-spirig.ch\/index.php?rest_route=\/wp\/v2\/pages"}],"about":[{"href":"https:\/\/www.brigitta-spirig.ch\/index.php?rest_route=\/wp\/v2\/types\/page"}],"author":[{"embeddable":true,"href":"https:\/\/www.brigitta-spirig.ch\/index.php?rest_route=\/wp\/v2\/users\/1"}],"replies":[{"embeddable":true,"href":"https:\/\/www.brigitta-spirig.ch\/index.php?rest_route=%2Fwp%2Fv2%2Fcomments&post=9"}],"version-history":[{"count":13,"href":"https:\/\/www.brigitta-spirig.ch\/index.php?rest_route=\/wp\/v2\/pages\/9\/revisions"}],"predecessor-version":[{"id":502,"href":"https:\/\/www.brigitta-spirig.ch\/index.php?rest_route=\/wp\/v2\/pages\/9\/revisions\/502"}],"up":[{"embeddable":true,"href":"https:\/\/www.brigitta-spirig.ch\/index.php?rest_route=\/wp\/v2\/pages\/7"}],"wp:attachment":[{"href":"https:\/\/www.brigitta-spirig.ch\/index.php?rest_route=%2Fwp%2Fv2%2Fmedia&parent=9"}],"curies":[{"name":"wp","href":"https:\/\/api.w.org\/{rel}","templated":true}]}}